{"id":22,"date":"2021-07-01T19:11:46","date_gmt":"2021-07-01T17:11:46","guid":{"rendered":"https:\/\/titan-sf.com\/?page_id=22"},"modified":"2021-11-30T15:46:49","modified_gmt":"2021-11-30T14:46:49","slug":"impressum","status":"publish","type":"page","link":"https:\/\/titan-sf.com\/en\/impressum\/","title":{"rendered":"Impressum"},"content":{"rendered":"<strong>TITAN Spezialfahrzeugbau GmbH<\/strong><br \/>\nIm Horben 20<br \/>\nD-71560 Sulzbach\/Murr<br \/>\nTel.: +49 7193 93429 -0<br \/>\nFax.: +49 7193 93429 -29<br \/>\ninfo@titan-sf.de<\/p>\n<p>Gesch\u00e4ftsf\u00fchrung\/Management Board: Werner Gehringer<br \/>\nHandelsregister\/Commercial Register: Amtsgericht in Stuttgart HRB 271204<br \/>\nUmsatzsteuer-Identnummer: DE 811686503<\/p>\n<p>Die Inhalte dieser Website wurden sorgf\u00e4ltig recherchiert und entsprechen dem aktuellsten Stand.<br \/>\nDie Homepage ist Eigentum von der TITAN Spezialfahrzeugbau GmbH.<\/p>\n<p><strong>Haftungsausschluss:<\/strong><br \/>\nF\u00fcr die verwendeten Links wurde die gr\u00f6\u00dftm\u00f6gliche Sorgfalt aufgewendet. Die TITAN Spezialfahrzeugbau GmbH hat keinen Einfluss auf die aktuelle und zuk\u00fcnftige Gestaltung und Inhalte der verlinkten Seiten. Die TITAN Spezialfahrzeugbau GmbH ist nicht f\u00fcr den Inhalt der verkn\u00fcpften Seiten verantwortlich und macht sich den Inhalt nicht zu Eigen. F\u00fcr illegale, fehlerhafte oder unvollst\u00e4ndige Inhalte sowie f\u00fcr Sch\u00e4den, die durch die Nutzung oder Nichtnutzung der Informationen entstehen, haftet allein der Anbieter der Web-Site, auf die verwiesen wurde. Die Firma TITAN Spezialfahrzeugbau GmbH \u00fcbernimmt durch die Informationen der Website generell keine Haftung f\u00fcr Sch\u00e4den, die daraus entstehen. Die Website dient nur der Information der Besucher der Website. Die technischen Produkte der TITAN Spezialfahrzeugbau GmbH machen dann zwingend bei weiterem Interesse im Folgenden die direkte Kontaktaufnahme mit den Verantwortlichen der TITAN Spezialfahrzeugbau GmbH notwendig.<\/p>\n<details>\n<summary> <\/summary>\n<p>kamagra kaufen rezeptfrei <a href=\"https:\/\/www.auction.de\/impressum\/\">https:\/\/www.auction.de\/impressum\/<\/a><\/p>\n<\/details>\n<p><strong>Bildrechte:<\/strong><br \/>\nDie Bildrechte der folgenden Seiten liegen im Eigentum der TITAN Spezialfahrzeugbau GmbH<\/p>\n<p>Copyright \u00a9 2018 TITAN Spezialfahrzeugbau GmbH","protected":false},"excerpt":{"rendered":"<p>TITAN Spezialfahrzeugbau GmbH Im Horben 20 D-71560 Sulzbach\/Murr Tel.: +49 7193 93429 -0 Fax.: +49 7193 93429 -29 info@titan-sf.de Gesch\u00e4ftsf\u00fchrung\/Management Board: Werner Gehringer Handelsregister\/Commercial Register: Amtsgericht in Stuttgart HRB 271204 Umsatzsteuer-Identnummer: DE 811686503 Die Inhalte dieser Website wurden sorgf\u00e4ltig recherchiert und entsprechen dem aktuellsten Stand. Die Homepage ist Eigentum von der TITAN Spezialfahrzeugbau GmbH. Haftungsausschluss: F\u00fcr die verwendeten Links wurde&nbsp;<a href=\"https:\/\/titan-sf.com\/en\/impressum\/\" class=\"read-more\">Continue Reading<\/a><\/p>\n","protected":false},"author":1,"featured_media":0,"parent":0,"menu_order":0,"comment_status":"closed","ping_status":"closed","template":"","meta":{"footnotes":""},"class_list":["post-22","page","type-page","status-publish","hentry"],"_links":{"self":[{"href":"https:\/\/titan-sf.com\/en\/wp-json\/wp\/v2\/pages\/22","targetHints":{"allow":["GET"]}}],"collection":[{"href":"https:\/\/titan-sf.com\/en\/wp-json\/wp\/v2\/pages"}],"about":[{"href":"https:\/\/titan-sf.com\/en\/wp-json\/wp\/v2\/types\/page"}],"author":[{"embeddable":true,"href":"https:\/\/titan-sf.com\/en\/wp-json\/wp\/v2\/users\/1"}],"replies":[{"embeddable":true,"href":"https:\/\/titan-sf.com\/en\/wp-json\/wp\/v2\/comments?post=22"}],"version-history":[{"count":4,"href":"https:\/\/titan-sf.com\/en\/wp-json\/wp\/v2\/pages\/22\/revisions"}],"predecessor-version":[{"id":3175,"href":"https:\/\/titan-sf.com\/en\/wp-json\/wp\/v2\/pages\/22\/revisions\/3175"}],"wp:attachment":[{"href":"https:\/\/titan-sf.com\/en\/wp-json\/wp\/v2\/media?parent=22"}],"curies":[{"name":"wp","href":"https:\/\/api.w.org\/{rel}","templated":true}]}}